{"id":994,"date":"2025-04-13T18:21:19","date_gmt":"2025-04-13T18:21:19","guid":{"rendered":"http:\/\/fzqjgde.cluster100.hosting.ovh.net\/?page_id=994"},"modified":"2025-11-02T21:32:36","modified_gmt":"2025-11-02T21:32:36","slug":"escuela-de-tenis-para-adultos","status":"publish","type":"page","link":"https:\/\/aragontenis.com\/index.php\/escuela-de-tenis-para-adultos\/","title":{"rendered":"Escuela de Tenis para Adultos"},"content":{"rendered":"\n<p style=\"font-size:16px\">La Federaci\u00f3n Aragonesa de Tenis, con el objetivo del \u00abtenis como beneficio para la salud\u00bb, dispone de una <strong>escuela de tenis para adultos <\/strong>con los siguientes objetivos:<\/p>\n\n\n\n<p style=\"font-size:16px\"><strong>DESCUBRIR EL TENIS:<\/strong> \u00abel placer del juego inmediatamente\u00bb:<br>&#8211; Permitir a los iniciantes que peloteen desde el inicio.<br>&#8211; Utilizar material adaptado.<br>&#8211; Se progresa mediante situaciones dinamicas y divertidas.<\/p>\n\n\n\n<p style=\"font-size:16px\"><br><strong>TENIS Y EN FORMA:<\/strong> \u00absentirse mejor gracias al tenis\u00bb:<br>&#8211; Actividad que les permita estar en forma.<br>&#8211; Situaciones de juego con circuitos fisicos aplicados al tenis.<br>&#8211; Objetivo, perder algunos quililllos.<\/p>\n\n\n\n<p style=\"font-size:16px\"><br><strong>TENIS DE RENDIMIENTO:<\/strong> \u00abcomo ser un mejor jugador\u00bb:<br>&#8211; Para jugadores mas competitivos.<br>&#8211; Usar materiales que se adapten a esta situacion.<br>&#8211; Ayudar a mejorar los aspectos t\u00e9cnicos, fisicos y psicologicos de su tenis.<\/p>\n\n\n\n<p class=\"has-text-align-center has-kubio-color-5-color has-luminous-vivid-amber-to-luminous-vivid-orange-gradient-background has-text-color has-background has-link-color has-medium-font-size wp-elements-2b66fd0de9599c91e08e1f0f3d25edad\">Favorece la fortaleza y vigor del coraz\u00f3n.Frena la atrofia muscular.<br>Potencia el tono muscular.<br>Previene la osteoporosis.<br>Mejora las relaciones humanas y supone un factor de integracion social.<br>Favorece el funcionamiento del S.N.C., estimula los reflejos, la coordinacion y el equilibrio.<br>Ofrece recursos utiles para disfrutar de una mejor calidad de vida.<\/p>\n\n\n\n<p><\/p>\n\n\n\n\n\n<p style=\"font-size:16px\">Disponemos de clases entre semana (por la ma\u00f1ana y almediodia) o los fines de semana (por la ma\u00f1ana).<\/p>\n\n\n\n<p style=\"font-size:16px\">Entresemana, disponibilidad de un d\u00eda, dos d\u00edas (lunes-miercoles, martes-jueves, ) o tres d\u00edas (lunes-miercoles-viernes, martes-jueves-viernes) en horario de: 9,10 y 11 horas.<\/p>\n\n\n\n<p style=\"font-size:16px\">Esta nueva temporada se van a abrir nuevos grupos los viernes en horario de 16,17,19 y 20 horas<\/p>\n\n\n\n<p style=\"font-size:16px\">Horario de almediodia los mi\u00e9rcoles de 15 a 16 horas.<\/p>\n\n\n\n<p style=\"font-size:16px\">En fin de semana los horarios son 9.30, 10.30,11.30 y 12.30 horas.<\/p>\n\n\n\n<p style=\"font-size:16px\"><a href=\"http:\/\/aragontenis.com\/wp-content\/uploads\/2025\/09\/Normas-generales-cursos-FAT.pdf\">NORMAS GENERAL PARA LOS CURSOS DE TENIS.<\/a>\u00a0Todos los usuarios apuntados a los cursos de tenis de la Federaci\u00f3n Aragonesa de Tenis, son conocedores de dichas normas y por lo tanto las aceptan.<\/p>\n\n\n\n<p style=\"font-size:16px\"><a href=\"http:\/\/fzqjgde.cluster100.hosting.ovh.net\/wp-content\/uploads\/2025\/09\/informacion-cursos-adultos-2526.pdf\">INFORMACION ESCUELA ADULTOS 2025-2026<\/a><\/p>\n\n\n\n<p style=\"font-size:16px\"><a href=\"http:\/\/fzqjgde.cluster100.hosting.ovh.net\/wp-content\/uploads\/2025\/09\/ADULTOS-ACTUALIZACION.pdf\">PLAZAS VACANTES&nbsp;<\/a>actualizado 9 de septiembre<\/p>\n\n\n\n<p><\/p>\n","protected":false},"excerpt":{"rendered":"<p>La Federaci\u00f3n Aragonesa de Tenis, con el objetivo del \u00abtenis como beneficio para la salud\u00bb, dispone de una escuela de tenis para adultos con los siguientes objetivos: DESCUBRIR EL TENIS: [&hellip;]<\/p>\n","protected":false},"author":1,"featured_media":0,"parent":0,"menu_order":0,"comment_status":"closed","ping_status":"closed","template":"","meta":{"saved_in_kubio":true,"_monsterinsights_skip_tracking":false,"_monsterinsights_sitenote_active":false,"_monsterinsights_sitenote_note":"","_monsterinsights_sitenote_category":0,"_uf_show_specific_survey":0,"_uf_disable_surveys":false,"_mc_calendar":[],"footnotes":""},"class_list":["post-994","page","type-page","status-publish","hentry"],"aioseo_notices":[],"kubio_ai_page_context":{"short_desc":"","purpose":"general"},"_links":{"self":[{"href":"https:\/\/aragontenis.com\/index.php\/wp-json\/wp\/v2\/pages\/994","targetHints":{"allow":["GET"]}}],"collection":[{"href":"https:\/\/aragontenis.com\/index.php\/wp-json\/wp\/v2\/pages"}],"about":[{"href":"https:\/\/aragontenis.com\/index.php\/wp-json\/wp\/v2\/types\/page"}],"author":[{"embeddable":true,"href":"https:\/\/aragontenis.com\/index.php\/wp-json\/wp\/v2\/users\/1"}],"replies":[{"embeddable":true,"href":"https:\/\/aragontenis.com\/index.php\/wp-json\/wp\/v2\/comments?post=994"}],"version-history":[{"count":12,"href":"https:\/\/aragontenis.com\/index.php\/wp-json\/wp\/v2\/pages\/994\/revisions"}],"predecessor-version":[{"id":1483,"href":"https:\/\/aragontenis.com\/index.php\/wp-json\/wp\/v2\/pages\/994\/revisions\/1483"}],"wp:attachment":[{"href":"https:\/\/aragontenis.com\/index.php\/wp-json\/wp\/v2\/media?parent=994"}],"curies":[{"name":"wp","href":"https:\/\/api.w.org\/{rel}","templated":true}]}}