{"id":985,"date":"2025-04-13T17:56:17","date_gmt":"2025-04-13T17:56:17","guid":{"rendered":"http:\/\/fzqjgde.cluster100.hosting.ovh.net\/?page_id=985"},"modified":"2025-11-02T21:23:41","modified_gmt":"2025-11-02T21:23:41","slug":"escuela-territorial-programa-tecnificacion","status":"publish","type":"page","link":"https:\/\/aragontenis.com\/index.php\/escuela-territorial-programa-tecnificacion\/","title":{"rendered":"Escuela Territorial &#8211; Programa Tecnificaci\u00f3n"},"content":{"rendered":"\n<p style=\"font-size:16px\">La primera Escuela Regional de Tenis en Espa\u00f1a despu\u00e9s de la Catalana.<br>Comenz\u00f3 su andadura haya por el a\u00f1o 1973.<br>La forman gran parte de los jugadores\/as m\u00e1s representativos de Arag\u00f3n en cada una de sus categor\u00edas (benjam\u00edn, alev\u00edn, infantil, cadete y junior).<\/p>\n\n\n\n<p style=\"font-size:16px\">As\u00ed mismo, contamos con varios jugadores\/as absolutos en lo que denominamos Escuela de Alta Competici\u00f3n.<br>Actualmente hay un grupo por la ma\u00f1ana (Aulas de Tecnificaci\u00f3n Deportiva) y 3 grupos por la tarde, alevines en el grupo de las 18 horas, infantiles en el grupo de las 19.30 horas y cadetes y juniors en el grupo de las 16 horas.<\/p>\n\n\n\n\n\n<p style=\"font-size:16px\"><strong>GRUPOS TEMPORADA 2025-2026<\/strong><\/p>\n\n\n\n<p style=\"font-size:18px\"><strong>ESCUELA ALTA COMPETICION<\/strong><\/p>\n\n\n\n<p style=\"font-size:18px\">1. ALEJO SANCHEZ QUILEZ<\/p>\n\n\n\n<p style=\"font-size:18px\">2. DIEGO ESTEBAN TORRES<\/p>\n\n\n\n<p style=\"font-size:18px\">3. IGNACIO FELIPO DEL AGUA<\/p>\n\n\n\n<p style=\"font-size:18px\">4. SILVIA ALEJO MOYA<\/p>\n\n\n\n<p style=\"font-size:18px\">5. LUCIA GARCIA YANG\u00dcAS<\/p>\n\n\n\n<p style=\"font-size:18px\"><strong>GRUPO DE LAS 11.30 HORAS (AULAS DE TECNIFICACION DEPORTIVA)<\/strong><\/p>\n\n\n\n<p style=\"font-size:18px\">1. PATRICIA GARCIA RILLO<\/p>\n\n\n\n<p style=\"font-size:18px\">2. PABLO JAVIERRE ROMEO<\/p>\n\n\n\n<p style=\"font-size:18px\">3. JAIME PROA\u00d1O FERRANDEZ<\/p>\n\n\n\n<p style=\"font-size:18px\">4. ELENA GARCIA YANG\u00dcAS<\/p>\n\n\n\n<p style=\"font-size:18px\">5. ALEXANDRU MUNTEANU<\/p>\n\n\n\n<p style=\"font-size:18px\">6. GUILLERMO ROMERO SANCHEZ<\/p>\n\n\n\n<p style=\"font-size:18px\">7. MIGUEL OCEJO CECILIA<\/p>\n\n\n\n<p style=\"font-size:18px\">8. DIEGO JAVIERRE ROMEO<\/p>\n\n\n\n<p style=\"font-size:18px\"><strong>GRUPO DE LAS 16 HORAS:<\/strong><\/p>\n\n\n\n<p style=\"font-size:18px\">1. YAGO CASTELLANOS SANCHEZ<\/p>\n\n\n\n<p style=\"font-size:18px\">2. BORJA VILA DE LUIS<\/p>\n\n\n\n<p style=\"font-size:18px\">3. ERIKA PUJOL GONZALEZ<\/p>\n\n\n\n<p style=\"font-size:18px\">4. IRENE ROSES SERVERA<\/p>\n\n\n\n<p style=\"font-size:18px\">5. DANIELA ENGUITA IBARRA<\/p>\n\n\n\n<p style=\"font-size:18px\">6. JUAN VAN L\u00dcMICH LOZANO<\/p>\n\n\n\n<p style=\"font-size:18px\">7. MICHEL AZNAR GABAS<\/p>\n\n\n\n<p style=\"font-size:18px\">8. ALEXIA FERNANDEZ MARTIN<\/p>\n\n\n\n<p style=\"font-size:18px\">9. DIEGO MINGUEZ PAREDES<\/p>\n\n\n\n<p style=\"font-size:18px\">10. JUAN ANZAR MURO<\/p>\n\n\n\n<p style=\"font-size:18px\">11. ALVARO LACASTA ALQUEZAR<\/p>\n\n\n\n<p style=\"font-size:18px\"><strong>GRUPO DE LAS 18 HORAS:<\/strong><\/p>\n\n\n\n<p style=\"font-size:18px\">1.MARIA BARRIOS MARTINEZ<\/p>\n\n\n\n<p style=\"font-size:18px\">2. ADRIANA SALINAS BARA<\/p>\n\n\n\n<p style=\"font-size:18px\">3. ADRIAN SANCHEZ SOLCHAGA<\/p>\n\n\n\n<p style=\"font-size:18px\">4. CARLOS GARCIA CORTES<\/p>\n\n\n\n<p style=\"font-size:18px\">5. MARCOS CORTES ORTEGA<\/p>\n\n\n\n<p style=\"font-size:18px\">6. VALERO CORTES ORTEGA<\/p>\n\n\n\n<p style=\"font-size:18px\">7.ROCIO ESCOBEDO GONZALEZ<\/p>\n\n\n\n<p style=\"font-size:18px\">8. ELSA ESTOPA\u00d1AN CARRUESCO<\/p>\n\n\n\n<p style=\"font-size:18px\"><strong>GRUPO DE LAS 19.30 HORAS:<\/strong><\/p>\n\n\n\n<p style=\"font-size:18px\">1. CAROLINA CAMACHO TABUENCA<\/p>\n\n\n\n<p style=\"font-size:18px\">2. PABLO GARRIDO GRACIA<\/p>\n\n\n\n<p style=\"font-size:18px\">3. MARTIN NOGUES ARCUSA<\/p>\n\n\n\n<p style=\"font-size:18px\">4. PABLO GARCIA CORTES<\/p>\n\n\n\n<p style=\"font-size:18px\">5. MANUEL SANCHEZ PARACHE<\/p>\n\n\n\n<p style=\"font-size:18px\">6. ISABEL BOLEA DIAZ DE RADA<\/p>\n\n\n\n<p style=\"font-size:18px\">7. CLARA BANDRES MARTINEZ<\/p>\n\n\n\n<p style=\"font-size:18px\">8. ALBA MORENO SANCHEZ<\/p>\n\n\n\n<p style=\"font-size:18px\">9. FERNANDO CORTES MEDRANO<\/p>\n\n\n\n<p style=\"font-size:18px\">10. DAVID ORRIOS DE LAS HERAS<\/p>\n","protected":false},"excerpt":{"rendered":"<p>La primera Escuela Regional de Tenis en Espa\u00f1a despu\u00e9s de la Catalana.Comenz\u00f3 su andadura haya por el a\u00f1o 1973.La forman gran parte de los jugadores\/as m\u00e1s representativos de Arag\u00f3n en [&hellip;]<\/p>\n","protected":false},"author":1,"featured_media":0,"parent":0,"menu_order":0,"comment_status":"closed","ping_status":"closed","template":"","meta":{"saved_in_kubio":true,"_monsterinsights_skip_tracking":false,"_monsterinsights_sitenote_active":false,"_monsterinsights_sitenote_note":"","_monsterinsights_sitenote_category":0,"_uf_show_specific_survey":0,"_uf_disable_surveys":false,"_mc_calendar":[],"footnotes":""},"class_list":["post-985","page","type-page","status-publish","hentry"],"aioseo_notices":[],"kubio_ai_page_context":{"short_desc":"","purpose":"general"},"_links":{"self":[{"href":"https:\/\/aragontenis.com\/index.php\/wp-json\/wp\/v2\/pages\/985","targetHints":{"allow":["GET"]}}],"collection":[{"href":"https:\/\/aragontenis.com\/index.php\/wp-json\/wp\/v2\/pages"}],"about":[{"href":"https:\/\/aragontenis.com\/index.php\/wp-json\/wp\/v2\/types\/page"}],"author":[{"embeddable":true,"href":"https:\/\/aragontenis.com\/index.php\/wp-json\/wp\/v2\/users\/1"}],"replies":[{"embeddable":true,"href":"https:\/\/aragontenis.com\/index.php\/wp-json\/wp\/v2\/comments?post=985"}],"version-history":[{"count":4,"href":"https:\/\/aragontenis.com\/index.php\/wp-json\/wp\/v2\/pages\/985\/revisions"}],"predecessor-version":[{"id":1476,"href":"https:\/\/aragontenis.com\/index.php\/wp-json\/wp\/v2\/pages\/985\/revisions\/1476"}],"wp:attachment":[{"href":"https:\/\/aragontenis.com\/index.php\/wp-json\/wp\/v2\/media?parent=985"}],"curies":[{"name":"wp","href":"https:\/\/api.w.org\/{rel}","templated":true}]}}