{"id":49,"date":"2025-02-22T20:49:29","date_gmt":"2025-02-22T20:49:29","guid":{"rendered":"http:\/\/fzqjgde.cluster100.hosting.ovh.net\/?page_id=49"},"modified":"2025-10-31T18:38:04","modified_gmt":"2025-10-31T18:38:04","slug":"isquad","status":"publish","type":"page","link":"https:\/\/aragontenis.com\/index.php\/isquad\/","title":{"rendered":"ISQUAD"},"content":{"rendered":"\n\n\n<p><br>La RFET ha lanzado una nueva plataforma de gesti\u00f3n de licencias, competiciones y clasificaci\u00f3n, con la tecnolog\u00eda&nbsp;<strong>iSQUAD<\/strong>&nbsp;dise\u00f1ada por la firma espa\u00f1ola Toools, que supondr\u00e1 un salto cualitativo a nivel tecnol\u00f3gico para el conjunto del tenis espa\u00f1ol.<\/p>\n\n\n\n<p>La herramienta permitir\u00e1 llevar la experiencia del tenis a un nivel completamente nuevo, con resultados en directo sin necesidad de esperar a que se publiquen los cuadros, notificaciones instant\u00e1neas, o la inscripci\u00f3n directa a torneos, con unos pocos toques en la pantalla de cualquier dispositivo m\u00f3vil.<\/p>\n\n\n\n<p>Para poder disfrutar de todas las ventajas que ofrecer\u00e1 esta nueva plataforma, los clubes y federados\/as deben completar un sencillo registro inicial de afiliaci\u00f3n, que ya est\u00e1 disponible en la web de la RFET.<\/p>\n\n\n\n\n\n<div data-wp-interactive=\"core\/file\" class=\"wp-block-file\"><object data-wp-bind--hidden=\"!state.hasPdfPreview\" hidden class=\"wp-block-file__embed\" data=\"http:\/\/fzqjgde.cluster100.hosting.ovh.net\/wp-content\/uploads\/2025\/02\/Deportistas.pdf\" type=\"application\/pdf\" style=\"width:100%;height:600px\" aria-label=\"Incrustado de Deportistas.\"><\/object><a id=\"wp-block-file--media-e02dec33-4c2f-4905-970d-af9218a0d0f3\" href=\"http:\/\/fzqjgde.cluster100.hosting.ovh.net\/wp-content\/uploads\/2025\/02\/Deportistas.pdf\">Deportistas<\/a><a href=\"http:\/\/fzqjgde.cluster100.hosting.ovh.net\/wp-content\/uploads\/2025\/02\/Deportistas.pdf\" class=\"wp-block-file__button wp-element-button\" download aria-describedby=\"wp-block-file--media-e02dec33-4c2f-4905-970d-af9218a0d0f3\">Descarga<\/a><\/div>\n\n\n","protected":false},"excerpt":{"rendered":"<p>La RFET ha lanzado una nueva plataforma de gesti\u00f3n de licencias, competiciones y clasificaci\u00f3n, con la tecnolog\u00eda&nbsp;iSQUAD&nbsp;dise\u00f1ada por la firma espa\u00f1ola Toools, que supondr\u00e1 un salto cualitativo a nivel tecnol\u00f3gico [&hellip;]<\/p>\n","protected":false},"author":1,"featured_media":1391,"parent":0,"menu_order":0,"comment_status":"closed","ping_status":"closed","template":"","meta":{"saved_in_kubio":true,"_monsterinsights_skip_tracking":false,"_monsterinsights_sitenote_active":false,"_monsterinsights_sitenote_note":"","_monsterinsights_sitenote_category":0,"_uf_show_specific_survey":0,"_uf_disable_surveys":false,"_mc_calendar":[],"footnotes":""},"class_list":["post-49","page","type-page","status-publish","has-post-thumbnail","hentry"],"aioseo_notices":[],"kubio_ai_page_context":{"short_desc":"","purpose":"general"},"_links":{"self":[{"href":"https:\/\/aragontenis.com\/index.php\/wp-json\/wp\/v2\/pages\/49","targetHints":{"allow":["GET"]}}],"collection":[{"href":"https:\/\/aragontenis.com\/index.php\/wp-json\/wp\/v2\/pages"}],"about":[{"href":"https:\/\/aragontenis.com\/index.php\/wp-json\/wp\/v2\/types\/page"}],"author":[{"embeddable":true,"href":"https:\/\/aragontenis.com\/index.php\/wp-json\/wp\/v2\/users\/1"}],"replies":[{"embeddable":true,"href":"https:\/\/aragontenis.com\/index.php\/wp-json\/wp\/v2\/comments?post=49"}],"version-history":[{"count":3,"href":"https:\/\/aragontenis.com\/index.php\/wp-json\/wp\/v2\/pages\/49\/revisions"}],"predecessor-version":[{"id":1420,"href":"https:\/\/aragontenis.com\/index.php\/wp-json\/wp\/v2\/pages\/49\/revisions\/1420"}],"wp:featuredmedia":[{"embeddable":true,"href":"https:\/\/aragontenis.com\/index.php\/wp-json\/wp\/v2\/media\/1391"}],"wp:attachment":[{"href":"https:\/\/aragontenis.com\/index.php\/wp-json\/wp\/v2\/media?parent=49"}],"curies":[{"name":"wp","href":"https:\/\/api.w.org\/{rel}","templated":true}]}}