{"id":16,"date":"2025-04-13T17:47:07","date_gmt":"2025-04-13T17:47:07","guid":{"rendered":"http:\/\/fzqjgde.cluster100.hosting.ovh.net\/?page_id=16"},"modified":"2025-11-02T21:44:30","modified_gmt":"2025-11-02T21:44:30","slug":"docencia","status":"publish","type":"page","link":"https:\/\/aragontenis.com\/index.php\/docencia\/","title":{"rendered":"Docencia"},"content":{"rendered":"\n\n\n<p style=\"font-size:16px\">En este apartado podre\u00eds encontrar todo lo referente a los cursos que imparte el \u00e1rea de docencia.<\/p>\n\n\n\n<p style=\"font-size:16px\">Los cursos de instructor regional de tenis se realizan la primera semana de septiembre y las inscripciones se hacen el d\u00eda 1 de junio.<br>M\u00e1s adelante se ir\u00e1 informando en este apartado de docencia sobre dicho curso.<\/p>\n\n\n\n<div class=\"wp-block-file\"><a id=\"wp-block-file--media-373be0c7-0d2a-4602-85ec-95bc4a296273\" href=\"http:\/\/fzqjgde.cluster100.hosting.ovh.net\/wp-content\/uploads\/2025\/04\/CURSO-INSTRUCTOR.pdf\">CURSO INSTRUCTOR<\/a><\/div>\n\n\n\n<div class=\"wp-block-file\"><a id=\"wp-block-file--media-0bea7048-827b-4e55-b2c8-4f9c414bab01\" href=\"http:\/\/fzqjgde.cluster100.hosting.ovh.net\/wp-content\/uploads\/2025\/04\/CARTA-INFORMATIVA-CURSO-2024.pdf\">CARTA INFORMATIVA CURSO 2024<\/a><\/div>\n\n\n\n<div class=\"wp-block-file\"><a id=\"wp-block-file--media-93584cc2-2d4f-46ea-a204-ca2bc0968440\" href=\"http:\/\/fzqjgde.cluster100.hosting.ovh.net\/wp-content\/uploads\/2025\/04\/NOTAS-CURSO-EDICION-2024.pdf\">NOTAS CURSO EDICIO\u0301N 2024<\/a><\/div>\n\n\n\n<div class=\"wp-block-file\"><a id=\"wp-block-file--media-af560bb1-a146-4aef-ac58-ab5a4808cc3c\" href=\"http:\/\/fzqjgde.cluster100.hosting.ovh.net\/wp-content\/uploads\/2025\/04\/FICHA-INSCRIPCION-CURSO-2024.xlsx\">FICHA INSCRIPCIO\u0301N CURSO 2024<\/a><\/div>\n\n\n\n<p style=\"font-size:16px;font-style:normal;font-weight:800;text-decoration:underline\"><strong><br>LISTADOS DE TECNICOS TITULADOS EN ACTIVO<\/strong><\/p>\n\n\n\n<div class=\"wp-block-file\"><a id=\"wp-block-file--media-52df729f-11bb-4cd9-b4ff-2e8aa19bb8b6\" href=\"http:\/\/fzqjgde.cluster100.hosting.ovh.net\/wp-content\/uploads\/2025\/04\/TECNICOS-NIVEL-1-MONITORES-NACIONAL-DE-TENIS.pdf\">TECNICOS NIVEL 1 (MONITORES NACIONAL DE TENIS)<\/a><\/div>\n\n\n\n<div class=\"wp-block-file\"><a id=\"wp-block-file--media-5a3c453b-13c7-484e-a3e9-f3c522b97732\" href=\"http:\/\/fzqjgde.cluster100.hosting.ovh.net\/wp-content\/uploads\/2025\/04\/TECNICOS-NIVEL-2-ENTRENADOR-NACIONAL-DE-TENIS.pdf\">TECNICOS NIVEL 2 (ENTRENADOR NACIONAL DE TENIS)<\/a><\/div>\n\n\n\n<div class=\"wp-block-file\"><a id=\"wp-block-file--media-6f9976dc-5088-4a25-9ba4-acc2325054be\" href=\"http:\/\/fzqjgde.cluster100.hosting.ovh.net\/wp-content\/uploads\/2025\/04\/TECNICOS-NIVEL-3-PROFESOR-NACIONAL-DE-TENIS.pdf\">TECNICOS NIVEL 3 (PROFESOR NACIONAL DE TENIS)<\/a><\/div>\n","protected":false},"excerpt":{"rendered":"<p>En este apartado podre\u00eds encontrar todo lo referente a los cursos que imparte el \u00e1rea de docencia. Los cursos de instructor regional de tenis se realizan la primera semana de [&hellip;]<\/p>\n","protected":false},"author":1,"featured_media":0,"parent":0,"menu_order":0,"comment_status":"closed","ping_status":"closed","template":"","meta":{"saved_in_kubio":true,"_monsterinsights_skip_tracking":false,"_monsterinsights_sitenote_active":false,"_monsterinsights_sitenote_note":"","_monsterinsights_sitenote_category":0,"_uf_show_specific_survey":0,"_uf_disable_surveys":false,"_mc_calendar":[],"footnotes":""},"class_list":["post-16","page","type-page","status-publish","hentry"],"aioseo_notices":[],"kubio_ai_page_context":{"short_desc":"","purpose":"general"},"_links":{"self":[{"href":"https:\/\/aragontenis.com\/index.php\/wp-json\/wp\/v2\/pages\/16","targetHints":{"allow":["GET"]}}],"collection":[{"href":"https:\/\/aragontenis.com\/index.php\/wp-json\/wp\/v2\/pages"}],"about":[{"href":"https:\/\/aragontenis.com\/index.php\/wp-json\/wp\/v2\/types\/page"}],"author":[{"embeddable":true,"href":"https:\/\/aragontenis.com\/index.php\/wp-json\/wp\/v2\/users\/1"}],"replies":[{"embeddable":true,"href":"https:\/\/aragontenis.com\/index.php\/wp-json\/wp\/v2\/comments?post=16"}],"version-history":[{"count":6,"href":"https:\/\/aragontenis.com\/index.php\/wp-json\/wp\/v2\/pages\/16\/revisions"}],"predecessor-version":[{"id":1490,"href":"https:\/\/aragontenis.com\/index.php\/wp-json\/wp\/v2\/pages\/16\/revisions\/1490"}],"wp:attachment":[{"href":"https:\/\/aragontenis.com\/index.php\/wp-json\/wp\/v2\/media?parent=16"}],"curies":[{"name":"wp","href":"https:\/\/api.w.org\/{rel}","templated":true}]}}