{"id":1136,"date":"2025-06-18T09:46:47","date_gmt":"2025-06-18T09:46:47","guid":{"rendered":"http:\/\/fzqjgde.cluster100.hosting.ovh.net\/?page_id=1136"},"modified":"2025-11-28T19:31:33","modified_gmt":"2025-11-28T19:31:33","slug":"informacion-general","status":"publish","type":"page","link":"https:\/\/aragontenis.com\/index.php\/informacion-general\/","title":{"rendered":"Informaci\u00f3n General"},"content":{"rendered":"\n<p class=\"has-medium-font-size\">La&nbsp;<strong>Federaci\u00f3n Aragonesa de Tenis,<\/strong>&nbsp;es una entidad asociativa con personalidad jur\u00eddica propia, sin \u00e1nimo de lucro, que se rige por unos estatutos aprobados por la Asamblea del Tenis Aragon\u00e9s y por la Diputaci\u00f3n General de Arag\u00f3n.<\/p>\n\n\n\n<p class=\"has-medium-font-size\">Esta entidad surgi\u00f3 a principios de los a\u00f1os 40, por la asociaci\u00f3n de tres clubes existentes en Arag\u00f3n en aquellos momentos.<\/p>\n\n\n\n<p class=\"has-medium-font-size\">La&nbsp;<strong>Federaci\u00f3n Aragonesa de Tenis<\/strong>&nbsp;est\u00e1 formada por los clubes de tenis de Arag\u00f3n, los jugadores con licencia federativa, los t\u00e9cnicos y profesores de tenis y los jueces \u00e1rbitros.<\/p>\n\n\n\n\n\n<p class=\"has-medium-font-size\">De acuerdo con sus estatutos, se celebran elecciones cada 4 a\u00f1os, y en ellas se elige a los componentes de la Asamblea General. Esta Asamblea elige al Presidente de la Federaci\u00f3n de entre los candidatos, por un periodo de 4 a\u00f1os. El Presidente designa a los miembros de su Equipo Directivo. Todos los cargos son sin remunerar.<\/p>\n\n\n\n<p class=\"has-medium-font-size\">La Asamblea General controla la gesti\u00f3n del Presidente y de su Junta Directiva mediante las Asambleas anuales ordinarias, donde se aprueban los estados contables y financieros, el calendario de competici\u00f3n y en general toda la gesti\u00f3n deportiva y econ\u00f3mica.<\/p>\n\n\n\n<p class=\"has-medium-font-size\">La&nbsp;<strong>Federaci\u00f3n Aragonesa de Tenis<\/strong>&nbsp;tiene una concesi\u00f3n del derecho de superficie de una duraci\u00f3n de cuarenta a\u00f1os contados desde la fecha del otorgamiento, 31 de Mayo de 1990, de la preceptiva escritura p\u00fablica.<\/p>\n\n\n\n<figure style=\"font-size:18px\" class=\"wp-block-table\"><table class=\"has-fixed-layout\"><tbody><tr><td><strong>HORARIO DE INVIERNO (OFICINAS):<\/strong><\/td><td>lunes a viernes de 9.30 a 13.30 horas.<\/td><\/tr><tr><td><strong>INSTALACIONES<\/strong> (lunes a viernes):<br>(fin de semana)<\/td><td>de 9 a 13.30 horas y de 16 a 22 horas.<br>de 9:30 a 13.30 horas.<\/td><\/tr><tr><td><strong>TELEFONO OFICINAS<\/strong>:<\/td><td>976 750 462<\/td><\/tr><tr><td><strong>TELEFONO INSTALACIONES:<\/strong><\/td><td>976 752 781<\/td><\/tr><tr><td><strong>E-MAIL:<\/strong><\/td><td><a href=\"mailto:f.a.t.@aragontenis.com\">federacion@aragontenis.com<\/a><\/td><\/tr><\/tbody><\/table><\/figure>\n\n\n\n<p class=\"has-medium-font-size\">Dentro del Centro de Tenis de Arag\u00f3n se encuentran 4 escuelas de tenis:<\/p>\n\n\n\n<ul class=\"wp-block-list\">\n<li class=\"has-medium-font-size\">Escuela de Alta Competici\u00f3n.<\/li>\n\n\n\n<li class=\"has-medium-font-size\">Escuela Territorial<\/li>\n\n\n\n<li class=\"has-medium-font-size\">Escuela Intermedia y de Minitenis<\/li>\n\n\n\n<li class=\"has-medium-font-size\">Escuela de Adultos<\/li>\n<\/ul>\n\n\n\n<p style=\"font-size:20px\"><strong>ALQUILER DE PISTAS:<\/strong><br><br>Servicio de alquiler de pistas, para usuarios con&nbsp;<strong>licencia federativa.<\/strong><br>Se ha habilitado una cta de correo electr\u00f3nico para poder hacer las reservas:<br><a href=\"mailto:alquilerpistas@aragontenis.com\">paco.fernandez@aragontenis.com<\/a><\/p>\n\n\n\n<p class=\"has-medium-font-size\"><strong>ALQUILER DE PISTAS: PRECIOS: INDISPENSABLE ESTAR EN POSESION DE LA LICENCIA FEDERATIVA A\u00d1O 2025<\/strong><\/p>\n\n\n\n<p class=\"has-medium-font-size\">PRECIOS:<br>1 HORA FEDERADOS: 6\u20ac<br>SE PUEDE ALQUILAR LA PISTA CON BOTE DE BOLAS: 2 \u20ac MAS<br><br>1 HORA Y MEDIA FEDERADOS: 9 \u20ac<br>SE PUEDE ALQUILAR LA PISTA CON BOTE DE BOLAS: 2 \u20ac MAS<br><br>LA RESERVA DE PISTAS ESTA SUJETA A DISPONIBILIDAD POR HORARIOS DE ESCUELA:<br><br><strong>DISPONIBILIDAD DE HORARIOS PARA ALQUILER DE PISTAS:<br><br><\/strong>LUNES Y MIERCOLES DE 9 A 13.30 HORAS<br>MARTES Y JUEVES DE 9 A 13.30 HORAS Y DE 15 A 16 HORAS<br>VIERNES DE 10 A 13 HORAS<br><br>SABADOS DE 12.30-13.30 HORAS<br>DOMINGO DE 12.30-13.30 HORAS<\/p>\n\n\n\n<p class=\"has-kubio-color-4-color has-text-color has-link-color has-medium-font-size wp-elements-e3b90f47be9b038b0b71813f0c173cb9\"><strong>CLASES PARTICULARES<\/strong><\/p>\n\n\n\n<p style=\"font-size:20px\">LLAMAR AL 976752781 PARA INFORMACI\u00d3N DE D\u00cdAS, HORAS Y DISPONIBILIDAD DE MONITORES<\/p>\n\n\n\n<p style=\"font-size:20px\"><strong>PRECIOS<\/strong>:<\/p>\n\n\n\n<ul class=\"wp-block-list\">\n<li style=\"font-size:20px\">1 ALUMNO: 25\u20ac \/ CLASE<\/li>\n\n\n\n<li style=\"font-size:20px\">2 ALUMNOS: 36\u20ac \/ CLASE<\/li>\n\n\n\n<li style=\"font-size:20px\">3 ALUMNOS: 45\u20ac \/ CLASE<\/li>\n<\/ul>\n\n\n\n<p><\/p>\n","protected":false},"excerpt":{"rendered":"<p>La&nbsp;Federaci\u00f3n Aragonesa de Tenis,&nbsp;es una entidad asociativa con personalidad jur\u00eddica propia, sin \u00e1nimo de lucro, que se rige por unos estatutos aprobados por la Asamblea del Tenis Aragon\u00e9s y por [&hellip;]<\/p>\n","protected":false},"author":1,"featured_media":0,"parent":0,"menu_order":0,"comment_status":"closed","ping_status":"closed","template":"","meta":{"saved_in_kubio":true,"_monsterinsights_skip_tracking":false,"_monsterinsights_sitenote_active":false,"_monsterinsights_sitenote_note":"","_monsterinsights_sitenote_category":0,"_uf_show_specific_survey":0,"_uf_disable_surveys":false,"_mc_calendar":[],"footnotes":""},"class_list":["post-1136","page","type-page","status-publish","hentry"],"aioseo_notices":[],"kubio_ai_page_context":{"short_desc":"","purpose":"general"},"_links":{"self":[{"href":"https:\/\/aragontenis.com\/index.php\/wp-json\/wp\/v2\/pages\/1136","targetHints":{"allow":["GET"]}}],"collection":[{"href":"https:\/\/aragontenis.com\/index.php\/wp-json\/wp\/v2\/pages"}],"about":[{"href":"https:\/\/aragontenis.com\/index.php\/wp-json\/wp\/v2\/types\/page"}],"author":[{"embeddable":true,"href":"https:\/\/aragontenis.com\/index.php\/wp-json\/wp\/v2\/users\/1"}],"replies":[{"embeddable":true,"href":"https:\/\/aragontenis.com\/index.php\/wp-json\/wp\/v2\/comments?post=1136"}],"version-history":[{"count":12,"href":"https:\/\/aragontenis.com\/index.php\/wp-json\/wp\/v2\/pages\/1136\/revisions"}],"predecessor-version":[{"id":1604,"href":"https:\/\/aragontenis.com\/index.php\/wp-json\/wp\/v2\/pages\/1136\/revisions\/1604"}],"wp:attachment":[{"href":"https:\/\/aragontenis.com\/index.php\/wp-json\/wp\/v2\/media?parent=1136"}],"curies":[{"name":"wp","href":"https:\/\/api.w.org\/{rel}","templated":true}]}}